{"id":8,"date":"2025-09-12T07:50:54","date_gmt":"2025-09-12T07:50:54","guid":{"rendered":"https:\/\/gruporamsa.es\/?page_id=8"},"modified":"2026-03-24T12:13:55","modified_gmt":"2026-03-24T12:13:55","slug":"inicio","status":"publish","type":"page","link":"https:\/\/gruporamsa.es\/en\/","title":{"rendered":"Home"},"content":{"rendered":"<p>[et_pb_section fb_built=\u00bb1&#8243; _builder_version=\u00bb4.27.4&#8243; _module_preset=\u00bbdefault\u00bb background_color=\u00bb#000000&#8243; custom_padding=\u00bb9vw||9vw||true|false\u00bb global_colors_info=\u00bb{}\u00bb][et_pb_row _builder_version=\u00bb4.27.4&#8243; _module_preset=\u00bbdefault\u00bb width=\u00bb100%\u00bb max_width=\u00bb46%\u00bb global_colors_info=\u00bb{}\u00bb][et_pb_column type=\u00bb4_4&#8243; _builder_version=\u00bb4.27.4&#8243; _module_preset=\u00bbdefault\u00bb global_colors_info=\u00bb{}\u00bb][et_pb_text _builder_version=\u00bb4.27.4&#8243; _module_preset=\u00bbdefault\u00bb text_font=\u00bbDM Sans||||||||\u00bb text_text_color=\u00bb#FFFFFF\u00bb text_font_size=\u00bb16px\u00bb header_font=\u00bbAbhaya Libre||||||||\u00bb header_text_align=\u00bbcenter\u00bb header_text_color=\u00bb#FFFFFF\u00bb header_font_size=\u00bb56px\u00bb text_orientation=\u00bbcenter\u00bb header_font_size_tablet=\u00bb56px\u00bb header_font_size_phone=\u00bb30px\u00bb header_font_size_last_edited=\u00bbon|phone\u00bb global_colors_info=\u00bb{}\u00bb]<\/p>\n<h1>We believe in founders who change the world<\/h1>\n<p>We invest from the beginning, when uncertainty is at its highest and vision is everything. With more than 13 years of experience, we bet with conviction and accompany entrepreneurs with strategy, networks and constant support. We are driven by passion for entrepreneurship and empathy with the founders, because before being investors, we are people who believe in the vital and social impact of creating a company.<\/p>\n<p>[\/et_pb_text][et_pb_button button_url=\u00bb\/contacto\/#formulario\u00bb button_text=\u00bbIr a pagina de contacto\u00bb button_alignment=\u00bbcenter\u00bb _builder_version=\u00bb4.27.4&#8243; _module_preset=\u00bbdefault\u00bb custom_button=\u00bbon\u00bb button_text_size=\u00bb20px\u00bb button_text_color=\u00bb#FFFFFF\u00bb button_border_width=\u00bb2px\u00bb button_border_radius=\u00bb68px\u00bb button_use_icon=\u00bboff\u00bb hover_enabled=\u00bb0&#8243; locked=\u00bboff\u00bb global_colors_info=\u00bb{}\u00bb button_text__hover_enabled=\u00bboff|desktop\u00bb button_bg_color__hover_enabled=\u00bbon|hover\u00bb button_bg_color__hover=\u00bb#ede30d\u00bb button_bg_enable_color__hover=\u00bbon\u00bb button_border_color__hover_enabled=\u00bbon|hover\u00bb button_border_color__hover=\u00bb#ede30d\u00bb sticky_enabled=\u00bb0&#8243;][\/et_pb_button][\/et_pb_column][\/et_pb_row][\/et_pb_section][et_pb_section fb_built=\u00bb1&#8243; admin_label=\u00bbServices\u00bb _builder_version=\u00bb4.16&#8243; custom_padding=\u00bb90px||80px|\u00bb global_colors_info=\u00bb{}\u00bb][et_pb_row use_custom_gutter=\u00bbon\u00bb gutter_width=\u00bb1&#8243; make_equal=\u00bbon\u00bb admin_label=\u00bbAbout\u00bb _builder_version=\u00bb4.27.4&#8243; background_size=\u00bbinitial\u00bb background_position=\u00bbtop_left\u00bb background_repeat=\u00bbrepeat\u00bb width=\u00bb100%\u00bb max_width=\u00bb80%\u00bb custom_margin=\u00bb0px||0px||true|false\u00bb custom_padding=\u00bb0px||3%||false|false\u00bb use_custom_width=\u00bbon\u00bb custom_width_px=\u00bb900px\u00bb global_colors_info=\u00bb{}\u00bb][et_pb_column type=\u00bb4_4&#8243; _builder_version=\u00bb4.16&#8243; custom_padding=\u00bb|||\u00bb global_colors_info=\u00bb{}\u00bb custom_padding__hover=\u00bb|||\u00bb][et_pb_text admin_label=\u00bbAbout Section Title\u00bb _builder_version=\u00bb4.27.4&#8243; text_font=\u00bbAbhaya Libre||||||||\u00bb text_text_color=\u00bb#1f1f1f\u00bb text_font_size=\u00bb56px\u00bb text_line_height=\u00bb1.8em\u00bb header_2_font=\u00bbAbhaya Libre||||||||\u00bb header_2_font_size=\u00bb56px\u00bb background_size=\u00bbinitial\u00bb background_position=\u00bbtop_left\u00bb background_repeat=\u00bbrepeat\u00bb global_colors_info=\u00bb{}\u00bb]<\/p>\n<h2>Our Criteria<\/h2>\n<p>[\/et_pb_text][\/et_pb_column][\/et_pb_row][et_pb_row column_structure=\u00bb1_3,1_3,1_3&#8243; _builder_version=\u00bb4.27.4&#8243; _module_preset=\u00bbdefault\u00bb background_color=\u00bb#333333&#8243; width=\u00bb100%\u00bb max_width=\u00bb80%\u00bb global_colors_info=\u00bb{}\u00bb][et_pb_column type=\u00bb1_3&#8243; _builder_version=\u00bb4.27.4&#8243; _module_preset=\u00bbdefault\u00bb global_colors_info=\u00bb{}\u00bb][et_pb_blurb title=\u00bbEtapas Iniciales\u00bb image=\u00bbhttps:\/\/gruporamsa.es\/wp-content\/uploads\/2025\/10\/material-symbols-light-android-cell-4-bar-ylw.png\u00bb alt=\u00bblogo-cobertura-etapas\u00bb icon_placement=\u00bbleft\u00bb image_icon_width=\u00bb56px\u00bb module_class=\u00bbiconBoxHome\u00bb _builder_version=\u00bb4.27.4&#8243; _module_preset=\u00bbdefault\u00bb header_level=\u00bbh3&#8243; header_font=\u00bbAbhaya Libre||||||||\u00bb header_font_size=\u00bb32px\u00bb body_font=\u00bbDM Sans||||||||\u00bb body_font_size=\u00bb16px\u00bb background_color=\u00bb#333333&#8243; background_layout=\u00bbdark\u00bb custom_margin=\u00bb0px|0px|0px|0px|true|true\u00bb custom_margin_phone=\u00bb0px|0px|0px|0px|true|true\u00bb custom_margin_last_edited=\u00bboff|desktop\u00bb custom_padding=\u00bb0px|22px|0px|22px|true|true\u00bb custom_padding_tablet=\u00bb22px|22px|22px|22px|true|true\u00bb custom_padding_phone=\u00bb|0px||0px|true|true\u00bb custom_padding_last_edited=\u00bbon|phone\u00bb global_colors_info=\u00bb{}\u00bb]<\/p>\n<p>Where the magic begins: validation of hypotheses, creation of an initial MVP and identification of growth levers to scale the business. The company must have certain initial metrics or disruptive technology.<\/p>\n<p>[\/et_pb_blurb][et_pb_blurb title=\u00bbDeep Tech\u00bb image=\u00bbhttps:\/\/gruporamsa.es\/wp-content\/uploads\/2025\/10\/icon-dp-ylw.png\u00bb icon_placement=\u00bbleft\u00bb image_icon_width=\u00bb56px\u00bb module_class=\u00bbiconBoxHome\u00bb _builder_version=\u00bb4.27.4&#8243; _module_preset=\u00bbdefault\u00bb header_level=\u00bbh3&#8243; header_font=\u00bbAbhaya Libre||||||||\u00bb header_font_size=\u00bb32px\u00bb body_font=\u00bbDM Sans||||||||\u00bb body_font_size=\u00bb16px\u00bb background_color=\u00bb#333333&#8243; background_layout=\u00bbdark\u00bb custom_margin=\u00bb0px|0px|0px|0px|true|true\u00bb custom_margin_tablet=\u00bb65.1%|0px|65.1%|0px|true|true\u00bb custom_margin_phone=\u00bb0%||0%||true|true\u00bb custom_margin_last_edited=\u00bbon|phone\u00bb custom_padding=\u00bb0px|22px|0px|22px|true|true\u00bb custom_padding_tablet=\u00bb22px|22px|22px|22px|true|true\u00bb custom_padding_phone=\u00bb22px|0px|22px|0px|true|true\u00bb custom_padding_last_edited=\u00bbon|phone\u00bb global_colors_info=\u00bb{}\u00bb]<\/p>\n<p>Applied Science and Advanced Engineering are key to solve global challenges in Climate, Energy, Decarbonization, Mobility, Population... These challenges will not be solved with software alone.<\/p>\n<p>[\/et_pb_blurb][\/et_pb_column][et_pb_column type=\u00bb1_3&#8243; _builder_version=\u00bb4.27.4&#8243; _module_preset=\u00bbdefault\u00bb global_colors_info=\u00bb{}\u00bb][et_pb_blurb title=\u00bbLiderazgo\u00bb image=\u00bbhttps:\/\/gruporamsa.es\/wp-content\/uploads\/2025\/10\/liderazgo-ramsa-logo-ylw.png\u00bb icon_placement=\u00bbleft\u00bb image_icon_width=\u00bb56px\u00bb module_class=\u00bbiconBoxHome\u00bb _builder_version=\u00bb4.27.4&#8243; _module_preset=\u00bbdefault\u00bb header_level=\u00bbh3&#8243; header_font=\u00bbAbhaya Libre||||||||\u00bb header_font_size=\u00bb32px\u00bb body_font=\u00bbDM Sans||||||||\u00bb body_font_size=\u00bb16px\u00bb background_color=\u00bb#333333&#8243; background_layout=\u00bbdark\u00bb custom_margin=\u00bb0px|0px|0px|0px|true|true\u00bb custom_padding=\u00bb22px|22px|0px|22px|false|true\u00bb custom_padding_tablet=\u00bb22px|22px|22px|22px|true|true\u00bb custom_padding_phone=\u00bb22px|0px|22px|0px|true|true\u00bb custom_padding_last_edited=\u00bbon|phone\u00bb global_colors_info=\u00bb{}\u00bb]<\/p>\n<p>A good team is a key element in achieving a successful vision. We look for exceptional people with whom we can enjoy the process of achieving our goals.<\/p>\n<p>[\/et_pb_blurb][et_pb_blurb title=\u00bbMercado\u00bb image=\u00bbhttps:\/\/gruporamsa.es\/wp-content\/uploads\/2025\/10\/mercado-ramsa-logo-ylw.png\u00bb alt=\u00bblogo-carrito\u00bb icon_placement=\u00bbleft\u00bb image_icon_width=\u00bb56px\u00bb module_class=\u00bbiconBoxHome\u00bb _builder_version=\u00bb4.27.4&#8243; _module_preset=\u00bbdefault\u00bb header_level=\u00bbh3&#8243; header_font=\u00bbAbhaya Libre||||||||\u00bb header_font_size=\u00bb32px\u00bb body_font=\u00bbDM Sans||||||||\u00bb body_font_size=\u00bb16px\u00bb background_color=\u00bb#333333&#8243; background_layout=\u00bbdark\u00bb custom_margin=\u00bb0px|0px|0px|0px|true|true\u00bb custom_margin_tablet=\u00bb65.1%|0px|65.1%|0px|true|true\u00bb custom_margin_phone=\u00bb0%||0%||true|true\u00bb custom_margin_last_edited=\u00bbon|phone\u00bb custom_padding=\u00bb11%|22px||22px|false|true\u00bb custom_padding_tablet=\u00bb22px|22px|22px|22px|true|true\u00bb custom_padding_phone=\u00bb22px|0px|22px|0px|true|true\u00bb custom_padding_last_edited=\u00bbon|phone\u00bb global_colors_info=\u00bb{}\u00bb]<\/p>\n<p>The objective of the project must be to solve an important problem in a totally unique way. This is fundamental to defining the potential of the opportunity.<\/p>\n<p>[\/et_pb_blurb][\/et_pb_column][et_pb_column type=\u00bb1_3&#8243; _builder_version=\u00bb4.27.4&#8243; _module_preset=\u00bbdefault\u00bb global_colors_info=\u00bb{}\u00bb][et_pb_blurb title=\u00bbPoder de internet \u00bb image=\u00bbhttps:\/\/gruporamsa.es\/wp-content\/uploads\/2025\/10\/internet-ramsa-logo-ylw.png\u00bb icon_placement=\u00bbleft\u00bb image_icon_width=\u00bb56px\u00bb module_class=\u00bbiconBoxHome\u00bb _builder_version=\u00bb4.27.4&#8243; _module_preset=\u00bbdefault\u00bb header_level=\u00bbh3&#8243; header_font=\u00bbAbhaya Libre||||||||\u00bb header_font_size=\u00bb32px\u00bb body_font=\u00bbDM Sans||||||||\u00bb body_font_size=\u00bb16px\u00bb background_color=\u00bb#333333&#8243; background_layout=\u00bbdark\u00bb custom_margin=\u00bb0px|0px|0px|0px|true|true\u00bb custom_margin_phone=\u00bb0px|0px|0px|0px|true|true\u00bb custom_margin_last_edited=\u00bboff|desktop\u00bb custom_padding=\u00bb0px|22px|0px|22px|true|true\u00bb custom_padding_tablet=\u00bb22px|22px|22px|22px|true|true\u00bb custom_padding_phone=\u00bb|0px||0px|true|true\u00bb custom_padding_last_edited=\u00bbon|phone\u00bb global_colors_info=\u00bb{}\u00bb]<\/p>\n<p>The technologies that make up the Internet continue to drive changes that enable transformative business models. We invest in internet, software and information technology. We are sector agnostic and seek highly scalable projects and credible metrics with a B2B focus.<\/p>\n<p>[\/et_pb_blurb][et_pb_blurb title=\u00bbInversiones\u00bb image=\u00bbhttps:\/\/gruporamsa.es\/wp-content\/uploads\/2025\/10\/diamante-logo-ramsa-ylw.png\u00bb icon_placement=\u00bbleft\u00bb image_icon_width=\u00bb56px\u00bb module_class=\u00bbiconBoxHome\u00bb _builder_version=\u00bb4.27.4&#8243; _module_preset=\u00bbdefault\u00bb header_level=\u00bbh3&#8243; header_font=\u00bbAbhaya Libre||||||||\u00bb header_font_size=\u00bb32px\u00bb body_font=\u00bbDM Sans||||||||\u00bb body_font_size=\u00bb16px\u00bb background_color=\u00bb#333333&#8243; background_layout=\u00bbdark\u00bb custom_margin=\u00bb0px||0px||true|false\u00bb custom_margin_tablet=\u00bb||37.2%||false|false\u00bb custom_margin_phone=\u00bb||0%||false|false\u00bb custom_margin_last_edited=\u00bbon|phone\u00bb custom_padding=\u00bb0px|22px|0px|22px|true|true\u00bb custom_padding_tablet=\u00bb22px|22px|22px|22px|true|true\u00bb custom_padding_phone=\u00bb|0px||0px|true|true\u00bb custom_padding_last_edited=\u00bbon|phone\u00bb global_colors_info=\u00bb{}\u00bb]<\/p>\n<p>We invested between \u20ac100k and \u20ac1M in our first investment.<\/p>\n<p>[\/et_pb_blurb][\/et_pb_column][\/et_pb_row][\/et_pb_section][et_pb_section fb_built=\u00bb1&#8243; admin_label=\u00bbSplit Section\u00bb _builder_version=\u00bb4.16&#8243; custom_padding=\u00bb0px||0px|\u00bb animation_style=\u00bbfold\u00bb animation_direction=\u00bbbottom\u00bb animation_intensity_fold=\u00bb4%\u00bb global_colors_info=\u00bb{}\u00bb][et_pb_row column_structure=\u00bb1_2,1_2&#8243; use_custom_gutter=\u00bbon\u00bb gutter_width=\u00bb1&#8243; make_equal=\u00bbon\u00bb module_class=\u00bb et_pb_row_fullwidth\u00bb _builder_version=\u00bb4.27.4&#8243; background_size=\u00bbinitial\u00bb background_position=\u00bbtop_left\u00bb background_repeat=\u00bbrepeat\u00bb width=\u00bb100%\u00bb width_tablet=\u00bb100%\u00bb width_phone=\u00bb100%\u00bb width_last_edited=\u00bbon|desktop\u00bb max_width=\u00bb100%\u00bb max_width_tablet=\u00bb100%\u00bb max_width_phone=\u00bb100%\u00bb max_width_last_edited=\u00bbon|desktop\u00bb custom_margin=\u00bb0px||0px|\u00bb custom_padding=\u00bb0px||0px|\u00bb make_fullwidth=\u00bbon\u00bb global_colors_info=\u00bb{}\u00bb][et_pb_column type=\u00bb1_2&#8243; _builder_version=\u00bb4.16&#8243; background_color=\u00bb#f4f4f4&#8243; background_position=\u00bbtop_left\u00bb custom_padding=\u00bb8%|6%|8%|6%\u00bb global_colors_info=\u00bb{}\u00bb custom_padding__hover=\u00bb|||\u00bb][et_pb_slider _builder_version=\u00bb4.27.4&#8243; _module_preset=\u00bbdefault\u00bb background_color=\u00bbRGBA(255,255,255,0)\u00bb global_colors_info=\u00bb{}\u00bb][et_pb_slide heading=\u00bbNuestra estrategia\u00bb _builder_version=\u00bb4.27.4&#8243; _module_preset=\u00bbdefault\u00bb header_level=\u00bbh2&#8243; header_font=\u00bbAbhaya Libre|500|||||||\u00bb header_text_align=\u00bbleft\u00bb header_text_color=\u00bb#333333&#8243; header_font_size=\u00bb68px\u00bb body_font=\u00bbDM Sans|500|||||||\u00bb body_text_align=\u00bbleft\u00bb body_text_color=\u00bb#333333&#8243; text_orientation=\u00bbleft\u00bb background_layout=\u00bblight\u00bb global_colors_info=\u00bb{}\u00bb sticky_transition=\u00bbon\u00bb]<\/p>\n<p style= \"text-transform: uppercase!important; letter-spacing: 0.5px!important;\">\u2013 Objetivo<\/p>\n<p>At RAMSA we are committed to innovative companies that create products and services capable of transforming markets. We look for projects with the potential to reshape entire sectors.<\/p>\n<p>But a great idea is not enough without a great team. Execution is everything, and the personal connection between founders and investors is the key to making things happen.<\/p>\n<p>[\/et_pb_slide][\/et_pb_slider][\/et_pb_column][et_pb_column type=\u00bb1_2&#8243; _builder_version=\u00bb4.27.4&#8243; use_background_color_gradient=\u00bbon\u00bb background_image=\u00bbhttps:\/\/gruporamsa.es\/wp-content\/uploads\/2025\/10\/edificios-madrid-segundo.ramsa_-scaled.webp\u00bb background_position=\u00bbtop_left\u00bb custom_padding=\u00bb|||\u00bb global_colors_info=\u00bb{}\u00bb custom_padding__hover=\u00bb|||\u00bb][\/et_pb_column][\/et_pb_row][\/et_pb_section][et_pb_section fb_built=\u00bb1&#8243; _builder_version=\u00bb4.27.4&#8243; _module_preset=\u00bbdefault\u00bb background_color=\u00bb#ffd951&#8243; global_colors_info=\u00bb{}\u00bb][et_pb_row _builder_version=\u00bb4.27.4&#8243; _module_preset=\u00bbdefault\u00bb global_colors_info=\u00bb{}\u00bb][et_pb_column type=\u00bb4_4&#8243; _builder_version=\u00bb4.27.4&#8243; _module_preset=\u00bbdefault\u00bb global_colors_info=\u00bb{}\u00bb][et_pb_text _builder_version=\u00bb4.27.4&#8243; _module_preset=\u00bbdefault\u00bb text_font=\u00bbDM Sans||||||||\u00bb text_text_color=\u00bb#333333&#8243; text_font_size=\u00bb17px\u00bb header_2_font=\u00bbAbhaya Libre||||||||\u00bb header_2_font_size=\u00bb56px\u00bb text_orientation=\u00bbcenter\u00bb global_colors_info=\u00bb{}\u00bb]<\/p>\n<h2>How are you going to change the world?<\/h2>\n<p>If you have a disruptive project, we want to hear about it.<\/p>\n<p>[\/et_pb_text][et_pb_button button_url=\u00bb\/contacto\/\u00bb button_text=\u00bbContacto\u00bb button_alignment=\u00bbcenter\u00bb _builder_version=\u00bb4.27.4&#8243; _module_preset=\u00bbdefault\u00bb custom_button=\u00bbon\u00bb button_text_color=\u00bb#333333&#8243; button_bg_color=\u00bbRGBA(255,255,255,0)\u00bb button_border_radius=\u00bb100px\u00bb button_font=\u00bbDM Sans||||||||\u00bb button_use_icon=\u00bboff\u00bb locked=\u00bboff\u00bb global_colors_info=\u00bb{}\u00bb button_bg_color__hover_enabled=\u00bbon|hover\u00bb button_bg_color__hover=\u00bb#333333&#8243; button_bg_enable_color__hover=\u00bbon\u00bb button_text_color__hover_enabled=\u00bbon|hover\u00bb button_text_color__hover=\u00bb#FFFFFF\u00bb button_border_color__hover_enabled=\u00bbon|hover\u00bb button_border_color__hover=\u00bb#333333&#8243;][\/et_pb_button][\/et_pb_column][\/et_pb_row][\/et_pb_section]<\/p>","protected":false},"excerpt":{"rendered":"<p>Creemos en los fundadores que cambian el mundo Invertimos desde el inicio, cuando la incertidumbre es m\u00e1xima y la visi\u00f3n lo es todo. Con m\u00e1s de 13 a\u00f1os de experiencia, apostamos con convicci\u00f3n y acompa\u00f1amos a los emprendedores con estrategia, redes y apoyo constante. Nos mueve la pasi\u00f3n por emprender y la empat\u00eda con los [&hellip;]<\/p>","protected":false},"author":1,"featured_media":0,"parent":0,"menu_order":0,"comment_status":"closed","ping_status":"closed","template":"","meta":{"_et_pb_use_builder":"on","_et_pb_old_content":"","_et_gb_content_width":"","footnotes":""},"class_list":["post-8","page","type-page","status-publish","hentry"],"yoast_head":"<!-- This site is optimized with the Yoast SEO plugin v25.9 - https:\/\/yoast.com\/wordpress\/plugins\/seo\/ -->\n<title>Inicio - Grupo Ramsa<\/title>\n<meta name=\"robots\" content=\"index, follow, max-snippet:-1, max-image-preview:large, max-video-preview:-1\" \/>\n<link rel=\"canonical\" href=\"https:\/\/gruporamsa.es\/en\/\" \/>\n<meta property=\"og:locale\" content=\"en_US\" \/>\n<meta property=\"og:type\" content=\"article\" \/>\n<meta property=\"og:title\" content=\"Inicio - Grupo Ramsa\" \/>\n<meta property=\"og:description\" content=\"Creemos en los fundadores que cambian el mundo Invertimos desde el inicio, cuando la incertidumbre es m\u00e1xima y la visi\u00f3n lo es todo. Con m\u00e1s de 13 a\u00f1os de experiencia, apostamos con convicci\u00f3n y acompa\u00f1amos a los emprendedores con estrategia, redes y apoyo constante. Nos mueve la pasi\u00f3n por emprender y la empat\u00eda con los [&hellip;]\" \/>\n<meta property=\"og:url\" content=\"https:\/\/gruporamsa.es\/en\/\" \/>\n<meta property=\"og:site_name\" content=\"Grupo Ramsa\" \/>\n<meta property=\"article:modified_time\" content=\"2026-03-24T12:13:55+00:00\" \/>\n<meta name=\"twitter:card\" content=\"summary_large_image\" \/>\n<script type=\"application\/ld+json\" class=\"yoast-schema-graph\">{\"@context\":\"https:\/\/schema.org\",\"@graph\":[{\"@type\":\"WebPage\",\"@id\":\"https:\/\/gruporamsa.es\/\",\"url\":\"https:\/\/gruporamsa.es\/\",\"name\":\"Inicio - Grupo Ramsa\",\"isPartOf\":{\"@id\":\"https:\/\/gruporamsa.es\/#website\"},\"datePublished\":\"2025-09-12T07:50:54+00:00\",\"dateModified\":\"2026-03-24T12:13:55+00:00\",\"breadcrumb\":{\"@id\":\"https:\/\/gruporamsa.es\/#breadcrumb\"},\"inLanguage\":\"en-US\",\"potentialAction\":[{\"@type\":\"ReadAction\",\"target\":[\"https:\/\/gruporamsa.es\/\"]}]},{\"@type\":\"BreadcrumbList\",\"@id\":\"https:\/\/gruporamsa.es\/#breadcrumb\",\"itemListElement\":[{\"@type\":\"ListItem\",\"position\":1,\"name\":\"Portada\",\"item\":\"https:\/\/gruporamsa.es\/\"},{\"@type\":\"ListItem\",\"position\":2,\"name\":\"Inicio\"}]},{\"@type\":\"WebSite\",\"@id\":\"https:\/\/gruporamsa.es\/#website\",\"url\":\"https:\/\/gruporamsa.es\/\",\"name\":\"Grupo Ramsa\",\"description\":\"\",\"potentialAction\":[{\"@type\":\"SearchAction\",\"target\":{\"@type\":\"EntryPoint\",\"urlTemplate\":\"https:\/\/gruporamsa.es\/?s={search_term_string}\"},\"query-input\":{\"@type\":\"PropertyValueSpecification\",\"valueRequired\":true,\"valueName\":\"search_term_string\"}}],\"inLanguage\":\"en-US\"}]}<\/script>\n<!-- \/ Yoast SEO plugin. -->","yoast_head_json":{"title":"Inicio - Grupo Ramsa","robots":{"index":"index","follow":"follow","max-snippet":"max-snippet:-1","max-image-preview":"max-image-preview:large","max-video-preview":"max-video-preview:-1"},"canonical":"https:\/\/gruporamsa.es\/en\/","og_locale":"en_US","og_type":"article","og_title":"Inicio - Grupo Ramsa","og_description":"Creemos en los fundadores que cambian el mundo Invertimos desde el inicio, cuando la incertidumbre es m\u00e1xima y la visi\u00f3n lo es todo. Con m\u00e1s de 13 a\u00f1os de experiencia, apostamos con convicci\u00f3n y acompa\u00f1amos a los emprendedores con estrategia, redes y apoyo constante. Nos mueve la pasi\u00f3n por emprender y la empat\u00eda con los [&hellip;]","og_url":"https:\/\/gruporamsa.es\/en\/","og_site_name":"Grupo Ramsa","article_modified_time":"2026-03-24T12:13:55+00:00","twitter_card":"summary_large_image","schema":{"@context":"https:\/\/schema.org","@graph":[{"@type":"WebPage","@id":"https:\/\/gruporamsa.es\/","url":"https:\/\/gruporamsa.es\/","name":"Inicio - Grupo Ramsa","isPartOf":{"@id":"https:\/\/gruporamsa.es\/#website"},"datePublished":"2025-09-12T07:50:54+00:00","dateModified":"2026-03-24T12:13:55+00:00","breadcrumb":{"@id":"https:\/\/gruporamsa.es\/#breadcrumb"},"inLanguage":"en-US","potentialAction":[{"@type":"ReadAction","target":["https:\/\/gruporamsa.es\/"]}]},{"@type":"BreadcrumbList","@id":"https:\/\/gruporamsa.es\/#breadcrumb","itemListElement":[{"@type":"ListItem","position":1,"name":"Portada","item":"https:\/\/gruporamsa.es\/"},{"@type":"ListItem","position":2,"name":"Inicio"}]},{"@type":"WebSite","@id":"https:\/\/gruporamsa.es\/#website","url":"https:\/\/gruporamsa.es\/","name":"Ramsa Group","description":"","potentialAction":[{"@type":"SearchAction","target":{"@type":"EntryPoint","urlTemplate":"https:\/\/gruporamsa.es\/?s={search_term_string}"},"query-input":{"@type":"PropertyValueSpecification","valueRequired":true,"valueName":"search_term_string"}}],"inLanguage":"en-US"}]}},"_links":{"self":[{"href":"https:\/\/gruporamsa.es\/en\/wp-json\/wp\/v2\/pages\/8","targetHints":{"allow":["GET"]}}],"collection":[{"href":"https:\/\/gruporamsa.es\/en\/wp-json\/wp\/v2\/pages"}],"about":[{"href":"https:\/\/gruporamsa.es\/en\/wp-json\/wp\/v2\/types\/page"}],"author":[{"embeddable":true,"href":"https:\/\/gruporamsa.es\/en\/wp-json\/wp\/v2\/users\/1"}],"replies":[{"embeddable":true,"href":"https:\/\/gruporamsa.es\/en\/wp-json\/wp\/v2\/comments?post=8"}],"version-history":[{"count":25,"href":"https:\/\/gruporamsa.es\/en\/wp-json\/wp\/v2\/pages\/8\/revisions"}],"predecessor-version":[{"id":159,"href":"https:\/\/gruporamsa.es\/en\/wp-json\/wp\/v2\/pages\/8\/revisions\/159"}],"wp:attachment":[{"href":"https:\/\/gruporamsa.es\/en\/wp-json\/wp\/v2\/media?parent=8"}],"curies":[{"name":"wp","href":"https:\/\/api.w.org\/{rel}","templated":true}]}}