{"id":86,"date":"2025-10-06T14:45:46","date_gmt":"2025-10-06T14:45:46","guid":{"rendered":"https:\/\/gruporamsa.es\/?page_id=86"},"modified":"2025-10-07T11:00:44","modified_gmt":"2025-10-07T11:00:44","slug":"area-de-inversores","status":"publish","type":"page","link":"https:\/\/gruporamsa.es\/en\/area-de-inversores\/","title":{"rendered":"Investors Area"},"content":{"rendered":"<p>[et_pb_section fb_built=\u00bb1&#8243; _builder_version=\u00bb4.27.4&#8243; _module_preset=\u00bbdefault\u00bb background_color=\u00bb#FFFFFF\u00bb background_image=\u00bbhttps:\/\/gruporamsa.es\/wp-content\/uploads\/2025\/10\/lineas-ramsa-invers-scaled-blck.webp\u00bb background_size=\u00bbcustom\u00bb background_image_width=\u00bb12%\u00bb background_position=\u00bbcenter_left\u00bb custom_padding=\u00bb9vw||9vw||true|false\u00bb hover_enabled=\u00bb0&#8243; global_colors_info=\u00bb{}\u00bb sticky_enabled=\u00bb0&#8243; title_text=\u00bblineas-ramsa-invers-scaled-blck\u00bb][et_pb_row _builder_version=\u00bb4.27.4&#8243; _module_preset=\u00bbdefault\u00bb width=\u00bb100%\u00bb max_width=\u00bb46%\u00bb global_colors_info=\u00bb{}\u00bb][et_pb_column type=\u00bb4_4&#8243; _builder_version=\u00bb4.27.4&#8243; _module_preset=\u00bbdefault\u00bb global_colors_info=\u00bb{}\u00bb][et_pb_text _builder_version=\u00bb4.27.4&#8243; _module_preset=\u00bbdefault\u00bb text_font=\u00bbDM Sans||||||||\u00bb text_text_color=\u00bb#333333&#8243; text_font_size=\u00bb16px\u00bb header_font=\u00bbAbhaya Libre||||||||\u00bb header_text_align=\u00bbleft\u00bb header_text_color=\u00bb#333333&#8243; header_font_size=\u00bb56px\u00bb global_colors_info=\u00bb{}\u00bb]<\/p>\n<h1>Driving the future together with those who believe in change<\/h1>\n<p>- Investors area<\/p>\n<p>[\/et_pb_text][\/et_pb_column][\/et_pb_row][\/et_pb_section][et_pb_section fb_built=\u00bb1&#8243; admin_label=\u00bbServices\u00bb _builder_version=\u00bb4.27.4&#8243; background_color=\u00bb#f6f6f6&#8243; custom_padding=\u00bb90px||80px|\u00bb global_colors_info=\u00bb{}\u00bb][et_pb_row column_structure=\u00bb1_3,2_3&#8243; _builder_version=\u00bb4.27.4&#8243; _module_preset=\u00bbdefault\u00bb width=\u00bb100%\u00bb max_width=\u00bb80%\u00bb global_colors_info=\u00bb{}\u00bb][et_pb_column type=\u00bb1_3&#8243; _builder_version=\u00bb4.27.4&#8243; _module_preset=\u00bbdefault\u00bb global_colors_info=\u00bb{}\u00bb][et_pb_text admin_label=\u00bbAbout Section Title\u00bb _builder_version=\u00bb4.27.4&#8243; text_font=\u00bbAbhaya Libre||||||||\u00bb text_text_color=\u00bb#1f1f1f\u00bb text_font_size=\u00bb56px\u00bb text_line_height=\u00bb1.8em\u00bb header_2_font=\u00bbAbhaya Libre||||||||\u00bb header_2_font_size=\u00bb56px\u00bb background_size=\u00bbinitial\u00bb background_position=\u00bbtop_left\u00bb background_repeat=\u00bbrepeat\u00bb global_colors_info=\u00bb{}\u00bb]<\/p>\n<h2>At RAMSA we believe in the power of collaboration.<\/h2>\n<p>[\/et_pb_text][\/et_pb_column][et_pb_column type=\u00bb2_3&#8243; _builder_version=\u00bb4.27.4&#8243; _module_preset=\u00bbdefault\u00bb global_colors_info=\u00bb{}\u00bb][et_pb_text _builder_version=\u00bb4.27.4&#8243; _module_preset=\u00bbdefault\u00bb text_font=\u00bbDM Sans||||||||\u00bb text_text_color=\u00bb#333333&#8243; text_font_size=\u00bb17px\u00bb global_colors_info=\u00bb{}\u00bb]  <\/p>\n<p>\n    At <strong>RAMSA<\/strong> we believe in the power of collaboration between founders and investors.<br \/>\n    Our network is made up of individuals and funds that share a common vision:<br \/>\n    support purpose-driven businesses capable of transforming industries and generating sustainable value.\n  <\/p>\n<p>[\/et_pb_text][\/et_pb_column][\/et_pb_row][\/et_pb_section][et_pb_section fb_built=\u00bb1&#8243; admin_label=\u00bbSplit Section\u00bb _builder_version=\u00bb4.16&#8243; custom_padding=\u00bb0px||0px|\u00bb animation_style=\u00bbfold\u00bb animation_direction=\u00bbbottom\u00bb animation_intensity_fold=\u00bb4%\u00bb global_colors_info=\u00bb{}\u00bb][et_pb_row column_structure=\u00bb1_2,1_2&#8243; use_custom_gutter=\u00bbon\u00bb gutter_width=\u00bb1&#8243; make_equal=\u00bbon\u00bb module_class=\u00bb et_pb_row_fullwidth\u00bb _builder_version=\u00bb4.27.4&#8243; background_size=\u00bbinitial\u00bb background_position=\u00bbtop_left\u00bb background_repeat=\u00bbrepeat\u00bb width=\u00bb100%\u00bb width_tablet=\u00bb100%\u00bb width_phone=\u00bb100%\u00bb width_last_edited=\u00bbon|desktop\u00bb max_width=\u00bb100%\u00bb max_width_tablet=\u00bb100%\u00bb max_width_phone=\u00bb100%\u00bb max_width_last_edited=\u00bbon|desktop\u00bb custom_margin=\u00bb0px||0px|\u00bb custom_padding=\u00bb0px||0px|\u00bb make_fullwidth=\u00bbon\u00bb global_colors_info=\u00bb{}\u00bb][et_pb_column type=\u00bb1_2&#8243; _builder_version=\u00bb4.27.4&#8243; background_color=\u00bb#f6f6f6&#8243; background_position=\u00bbtop_left\u00bb custom_padding=\u00bb8%|6%|8%|6%\u00bb global_colors_info=\u00bb{}\u00bb custom_padding__hover=\u00bb|||\u00bb][et_pb_slider _builder_version=\u00bb4.27.4&#8243; _module_preset=\u00bbdefault\u00bb background_color=\u00bbRGBA(255,255,255,0)\u00bb global_colors_info=\u00bb{}\u00bb][et_pb_slide heading=\u00bbQu\u00e9 ofrecemos a nuestros inversores\u00bb _builder_version=\u00bb4.27.4&#8243; _module_preset=\u00bbdefault\u00bb header_level=\u00bbh2&#8243; header_font=\u00bbAbhaya Libre|500|||||||\u00bb header_text_align=\u00bbleft\u00bb header_text_color=\u00bb#333333&#8243; header_font_size=\u00bb68px\u00bb body_font=\u00bbDM Sans|500|||||||\u00bb body_text_align=\u00bbleft\u00bb body_text_color=\u00bb#333333&#8243; body_font_size=\u00bb17px\u00bb text_orientation=\u00bbleft\u00bb background_layout=\u00bblight\u00bb global_colors_info=\u00bb{}\u00bb sticky_transition=\u00bbon\u00bb]<\/p>\n<p style=\"text-transform: uppercase!important; letter-spacing: 0.5px!important;\">- Investors<\/p>\n<ul style=\"list-style: none; padding-left: 0; margin-top: 15px;\">\n<li style=\"margin-bottom: 10px;\">\ud83d\udd39 Access to carefully selected investment opportunities.<\/li>\n<li style=\"margin-bottom: 10px;\">\ud83d\udd39 Participation in initial rounds with high growth potential.<\/li>\n<li style=\"margin-bottom: 10px;\">\ud83d\udd39 Strategic accompaniment and transparency at every stage of the process.<\/li>\n<li style=\"margin-bottom: 10px;\">\ud83d\udd39 Periodic information on the performance and evolution of the startups.<\/li>\n<\/ul>\n<p>[\/et_pb_slide][et_pb_slide heading=\u00bbC\u00f3mo formar parte\u00bb _builder_version=\u00bb4.27.4&#8243; _module_preset=\u00bbdefault\u00bb header_level=\u00bbh2&#8243; header_font=\u00bbAbhaya Libre|500|||||||\u00bb header_text_align=\u00bbleft\u00bb header_text_color=\u00bb#333333&#8243; header_font_size=\u00bb68px\u00bb body_font=\u00bbDM Sans|500|||||||\u00bb body_text_align=\u00bbleft\u00bb body_text_color=\u00bb#333333&#8243; body_font_size=\u00bb17px\u00bb text_orientation=\u00bbleft\u00bb background_layout=\u00bblight\u00bb global_colors_info=\u00bb{}\u00bb sticky_transition=\u00bbon\u00bb]<\/p>\n<p style=\"text-transform: uppercase!important; letter-spacing: 0.5px!important;\">- Investors<\/p>\n<p>\n    If you share our vision and want to be part of the RAMSA ecosystem as an investor,<br \/>\n    you can register to access the private area. From there you can explore the active projects,<br \/>\n    participate in exclusive presentations and meet the founders behind each initiative.\n  <\/p>\n<p>[\/et_pb_slide][\/et_pb_slider][\/et_pb_column][et_pb_column type=\u00bb1_2&#8243; _builder_version=\u00bb4.27.4&#8243; use_background_color_gradient=\u00bbon\u00bb background_image=\u00bbhttps:\/\/gruporamsa.es\/wp-content\/uploads\/2025\/10\/edificios-madrid.ramsa_-scaled.webp\u00bb background_position=\u00bbtop_left\u00bb custom_padding=\u00bb|||\u00bb global_colors_info=\u00bb{}\u00bb custom_padding__hover=\u00bb|||\u00bb][\/et_pb_column][\/et_pb_row][\/et_pb_section][et_pb_section fb_built=\u00bb1&#8243; _builder_version=\u00bb4.27.4&#8243; _module_preset=\u00bbdefault\u00bb background_color=\u00bb#ffd951&#8243; global_colors_info=\u00bb{}\u00bb][et_pb_row _builder_version=\u00bb4.27.4&#8243; _module_preset=\u00bbdefault\u00bb global_colors_info=\u00bb{}\u00bb][et_pb_column type=\u00bb4_4&#8243; _builder_version=\u00bb4.27.4&#8243; _module_preset=\u00bbdefault\u00bb global_colors_info=\u00bb{}\u00bb][et_pb_text _builder_version=\u00bb4.27.4&#8243; _module_preset=\u00bbdefault\u00bb text_font=\u00bbDM Sans||||||||\u00bb text_text_color=\u00bb#333333&#8243; text_font_size=\u00bb17px\u00bb header_2_font=\u00bbAbhaya Libre||||||||\u00bb header_2_font_size=\u00bb56px\u00bb text_orientation=\u00bbcenter\u00bb global_colors_info=\u00bb{}\u00bb]<\/p>\n<h2>How are you going to change the world?<\/h2>\n<p>If you have a disruptive project, we want to hear about it.<\/p>\n<p>[\/et_pb_text][et_pb_button button_url=\u00bb\/contacto\/\u00bb button_text=\u00bbContacto\u00bb button_alignment=\u00bbcenter\u00bb _builder_version=\u00bb4.27.4&#8243; _module_preset=\u00bbdefault\u00bb custom_button=\u00bbon\u00bb button_text_color=\u00bb#333333&#8243; button_bg_color=\u00bbRGBA(255,255,255,0)\u00bb button_border_radius=\u00bb100px\u00bb button_font=\u00bbDM Sans||||||||\u00bb button_use_icon=\u00bboff\u00bb locked=\u00bboff\u00bb global_colors_info=\u00bb{}\u00bb button_bg_color__hover_enabled=\u00bbon|hover\u00bb button_bg_color__hover=\u00bb#333333&#8243; button_bg_enable_color__hover=\u00bbon\u00bb button_text_color__hover_enabled=\u00bbon|hover\u00bb button_text_color__hover=\u00bb#FFFFFF\u00bb button_border_color__hover_enabled=\u00bbon|hover\u00bb button_border_color__hover=\u00bb#333333&#8243;][\/et_pb_button][\/et_pb_column][\/et_pb_row][\/et_pb_section]<\/p>","protected":false},"excerpt":{"rendered":"<p>Impulsamos el futuro junto a quienes creen en el cambio &#8211; \u00c1rea de inversoresEn RAMSA creemos en el poder de la colaboraci\u00f3n En RAMSA creemos en el poder de la colaboraci\u00f3n entre fundadores e inversores. Nuestra red est\u00e1 formada por personas y fondos que comparten una visi\u00f3n com\u00fan: apoyar empresas con prop\u00f3sito, capaces de transformar [&hellip;]<\/p>","protected":false},"author":1,"featured_media":0,"parent":0,"menu_order":0,"comment_status":"closed","ping_status":"closed","template":"","meta":{"_et_pb_use_builder":"on","_et_pb_old_content":"","_et_gb_content_width":"","footnotes":""},"class_list":["post-86","page","type-page","status-publish","hentry"],"yoast_head":"<!-- This site is optimized with the Yoast SEO plugin v25.9 - https:\/\/yoast.com\/wordpress\/plugins\/seo\/ -->\n<title>\u00c1rea de Inversores - Grupo Ramsa<\/title>\n<meta name=\"robots\" content=\"index, follow, max-snippet:-1, max-image-preview:large, max-video-preview:-1\" \/>\n<link rel=\"canonical\" href=\"https:\/\/gruporamsa.es\/en\/area-de-inversores\/\" \/>\n<meta property=\"og:locale\" content=\"en_US\" \/>\n<meta property=\"og:type\" content=\"article\" \/>\n<meta property=\"og:title\" content=\"\u00c1rea de Inversores - Grupo Ramsa\" \/>\n<meta property=\"og:description\" content=\"Impulsamos el futuro junto a quienes creen en el cambio - \u00c1rea de inversoresEn RAMSA creemos en el poder de la colaboraci\u00f3n En RAMSA creemos en el poder de la colaboraci\u00f3n entre fundadores e inversores. Nuestra red est\u00e1 formada por personas y fondos que comparten una visi\u00f3n com\u00fan: apoyar empresas con prop\u00f3sito, capaces de transformar [&hellip;]\" \/>\n<meta property=\"og:url\" content=\"https:\/\/gruporamsa.es\/en\/area-de-inversores\/\" \/>\n<meta property=\"og:site_name\" content=\"Grupo Ramsa\" \/>\n<meta property=\"article:modified_time\" content=\"2025-10-07T11:00:44+00:00\" \/>\n<meta name=\"twitter:card\" content=\"summary_large_image\" \/>\n<script type=\"application\/ld+json\" class=\"yoast-schema-graph\">{\"@context\":\"https:\/\/schema.org\",\"@graph\":[{\"@type\":\"WebPage\",\"@id\":\"https:\/\/gruporamsa.es\/area-de-inversores\/\",\"url\":\"https:\/\/gruporamsa.es\/area-de-inversores\/\",\"name\":\"\u00c1rea de Inversores - Grupo Ramsa\",\"isPartOf\":{\"@id\":\"https:\/\/gruporamsa.es\/#website\"},\"datePublished\":\"2025-10-06T14:45:46+00:00\",\"dateModified\":\"2025-10-07T11:00:44+00:00\",\"breadcrumb\":{\"@id\":\"https:\/\/gruporamsa.es\/area-de-inversores\/#breadcrumb\"},\"inLanguage\":\"en-US\",\"potentialAction\":[{\"@type\":\"ReadAction\",\"target\":[\"https:\/\/gruporamsa.es\/area-de-inversores\/\"]}]},{\"@type\":\"BreadcrumbList\",\"@id\":\"https:\/\/gruporamsa.es\/area-de-inversores\/#breadcrumb\",\"itemListElement\":[{\"@type\":\"ListItem\",\"position\":1,\"name\":\"Portada\",\"item\":\"https:\/\/gruporamsa.es\/\"},{\"@type\":\"ListItem\",\"position\":2,\"name\":\"\u00c1rea de Inversores\"}]},{\"@type\":\"WebSite\",\"@id\":\"https:\/\/gruporamsa.es\/#website\",\"url\":\"https:\/\/gruporamsa.es\/\",\"name\":\"Grupo Ramsa\",\"description\":\"\",\"potentialAction\":[{\"@type\":\"SearchAction\",\"target\":{\"@type\":\"EntryPoint\",\"urlTemplate\":\"https:\/\/gruporamsa.es\/?s={search_term_string}\"},\"query-input\":{\"@type\":\"PropertyValueSpecification\",\"valueRequired\":true,\"valueName\":\"search_term_string\"}}],\"inLanguage\":\"en-US\"}]}<\/script>\n<!-- \/ Yoast SEO plugin. -->","yoast_head_json":{"title":"\u00c1rea de Inversores - Grupo Ramsa","robots":{"index":"index","follow":"follow","max-snippet":"max-snippet:-1","max-image-preview":"max-image-preview:large","max-video-preview":"max-video-preview:-1"},"canonical":"https:\/\/gruporamsa.es\/en\/area-de-inversores\/","og_locale":"en_US","og_type":"article","og_title":"\u00c1rea de Inversores - Grupo Ramsa","og_description":"Impulsamos el futuro junto a quienes creen en el cambio - \u00c1rea de inversoresEn RAMSA creemos en el poder de la colaboraci\u00f3n En RAMSA creemos en el poder de la colaboraci\u00f3n entre fundadores e inversores. Nuestra red est\u00e1 formada por personas y fondos que comparten una visi\u00f3n com\u00fan: apoyar empresas con prop\u00f3sito, capaces de transformar [&hellip;]","og_url":"https:\/\/gruporamsa.es\/en\/area-de-inversores\/","og_site_name":"Grupo Ramsa","article_modified_time":"2025-10-07T11:00:44+00:00","twitter_card":"summary_large_image","schema":{"@context":"https:\/\/schema.org","@graph":[{"@type":"WebPage","@id":"https:\/\/gruporamsa.es\/area-de-inversores\/","url":"https:\/\/gruporamsa.es\/area-de-inversores\/","name":"\u00c1rea de Inversores - Grupo Ramsa","isPartOf":{"@id":"https:\/\/gruporamsa.es\/#website"},"datePublished":"2025-10-06T14:45:46+00:00","dateModified":"2025-10-07T11:00:44+00:00","breadcrumb":{"@id":"https:\/\/gruporamsa.es\/area-de-inversores\/#breadcrumb"},"inLanguage":"en-US","potentialAction":[{"@type":"ReadAction","target":["https:\/\/gruporamsa.es\/area-de-inversores\/"]}]},{"@type":"BreadcrumbList","@id":"https:\/\/gruporamsa.es\/area-de-inversores\/#breadcrumb","itemListElement":[{"@type":"ListItem","position":1,"name":"Portada","item":"https:\/\/gruporamsa.es\/"},{"@type":"ListItem","position":2,"name":"\u00c1rea de Inversores"}]},{"@type":"WebSite","@id":"https:\/\/gruporamsa.es\/#website","url":"https:\/\/gruporamsa.es\/","name":"Ramsa Group","description":"","potentialAction":[{"@type":"SearchAction","target":{"@type":"EntryPoint","urlTemplate":"https:\/\/gruporamsa.es\/?s={search_term_string}"},"query-input":{"@type":"PropertyValueSpecification","valueRequired":true,"valueName":"search_term_string"}}],"inLanguage":"en-US"}]}},"_links":{"self":[{"href":"https:\/\/gruporamsa.es\/en\/wp-json\/wp\/v2\/pages\/86","targetHints":{"allow":["GET"]}}],"collection":[{"href":"https:\/\/gruporamsa.es\/en\/wp-json\/wp\/v2\/pages"}],"about":[{"href":"https:\/\/gruporamsa.es\/en\/wp-json\/wp\/v2\/types\/page"}],"author":[{"embeddable":true,"href":"https:\/\/gruporamsa.es\/en\/wp-json\/wp\/v2\/users\/1"}],"replies":[{"embeddable":true,"href":"https:\/\/gruporamsa.es\/en\/wp-json\/wp\/v2\/comments?post=86"}],"version-history":[{"count":5,"href":"https:\/\/gruporamsa.es\/en\/wp-json\/wp\/v2\/pages\/86\/revisions"}],"predecessor-version":[{"id":118,"href":"https:\/\/gruporamsa.es\/en\/wp-json\/wp\/v2\/pages\/86\/revisions\/118"}],"wp:attachment":[{"href":"https:\/\/gruporamsa.es\/en\/wp-json\/wp\/v2\/media?parent=86"}],"curies":[{"name":"wp","href":"https:\/\/api.w.org\/{rel}","templated":true}]}}